{"id":2071,"date":"2022-08-18T18:03:19","date_gmt":"2022-08-18T18:03:19","guid":{"rendered":"http:\/\/tecnifutbol.academy\/trials\/"},"modified":"2023-07-13T10:47:05","modified_gmt":"2023-07-13T10:47:05","slug":"trials","status":"publish","type":"page","link":"https:\/\/tecnifutbol.academy\/es\/servicios\/trials\/","title":{"rendered":"Tryouts"},"content":{"rendered":"\t\t<div data-elementor-type=\"wp-page\" data-elementor-id=\"2071\" class=\"elementor elementor-2071 elementor-649\" data-elementor-settings=\"{&quot;ha_cmc_init_switcher&quot;:&quot;no&quot;}\" data-elementor-post-type=\"page\">\n\t\t\t\t<div class=\"elementor-element elementor-element-bcc9bc5 e-con-full e-flex e-con e-parent\" data-id=\"bcc9bc5\" data-element_type=\"container\" data-e-type=\"container\" data-settings=\"{&quot;jet_parallax_layout_list&quot;:[],&quot;_ha_eqh_enable&quot;:false}\">\n\t\t\t\t<div class=\"elementor-element elementor-element-5913c52 elementor-widget elementor-widget-template\" data-id=\"5913c52\" data-element_type=\"widget\" data-e-type=\"widget\" data-widget_type=\"template.default\">\n\t\t\t\t<div class=\"elementor-widget-container\">\n\t\t\t\t\t\t\t<div class=\"elementor-template\">\n\t\t\t\t\t<div data-elementor-type=\"section\" data-elementor-id=\"589\" class=\"elementor elementor-589\" data-elementor-settings=\"{&quot;ha_cmc_init_switcher&quot;:&quot;no&quot;}\" data-elementor-post-type=\"elementor_library\">\n\t\t\t<div class=\"elementor-element elementor-element-ba49689 e-con-full e-flex e-con e-parent\" data-id=\"ba49689\" data-element_type=\"container\" data-e-type=\"container\" data-settings=\"{&quot;_ha_eqh_enable&quot;:false,&quot;jet_parallax_layout_list&quot;:[]}\">\n\t\t<div class=\"elementor-element elementor-element-0ac2caf e-flex e-con-boxed e-con e-child\" data-id=\"0ac2caf\" data-element_type=\"container\" data-e-type=\"container\" data-settings=\"{&quot;background_background&quot;:&quot;classic&quot;,&quot;jet_parallax_layout_list&quot;:[],&quot;_ha_eqh_enable&quot;:false}\">\n\t\t\t\t\t<div class=\"e-con-inner\">\n\t\t<div class=\"elementor-element elementor-element-b279ace e-con-full e-flex e-con e-child\" data-id=\"b279ace\" data-element_type=\"container\" data-e-type=\"container\" data-settings=\"{&quot;_ha_eqh_enable&quot;:false,&quot;jet_parallax_layout_list&quot;:[]}\">\n\t\t\t\t<div class=\"elementor-element elementor-element-6ae5cba elementor-widget elementor-widget-heading\" data-id=\"6ae5cba\" data-element_type=\"widget\" data-e-type=\"widget\" data-widget_type=\"heading.default\">\n\t\t\t\t<div class=\"elementor-widget-container\">\n\t\t\t\t\t<h2 class=\"elementor-heading-title elementor-size-default\">Tryouts<\/h2>\t\t\t\t<\/div>\n\t\t\t\t<\/div>\n\t\t\t\t<\/div>\n\t\t\t\t\t<\/div>\n\t\t\t\t<\/div>\n\t\t\t\t<\/div>\n\t\t\t\t<\/div>\n\t\t\t\t<\/div>\n\t\t\t\t\t\t<\/div>\n\t\t\t\t<\/div>\n\t\t\t\t<\/div>\n\t\t<div class=\"elementor-element elementor-element-cf6a70a e-flex e-con-boxed e-con e-parent\" data-id=\"cf6a70a\" data-element_type=\"container\" data-e-type=\"container\" data-settings=\"{&quot;jet_parallax_layout_list&quot;:[],&quot;_ha_eqh_enable&quot;:false}\">\n\t\t\t\t\t<div class=\"e-con-inner\">\n\t\t<div class=\"elementor-element elementor-element-f1afb8a e-con-full e-flex e-con e-parent\" data-id=\"f1afb8a\" data-element_type=\"container\" data-e-type=\"container\" data-settings=\"{&quot;jet_parallax_layout_list&quot;:[],&quot;_ha_eqh_enable&quot;:false}\">\n\t\t<div class=\"elementor-element elementor-element-f23eda6 e-con-full e-flex e-con e-parent\" data-id=\"f23eda6\" data-element_type=\"container\" data-e-type=\"container\" data-settings=\"{&quot;jet_parallax_layout_list&quot;:[],&quot;_ha_eqh_enable&quot;:false}\">\n\t\t\t\t<div class=\"elementor-element elementor-element-d21ed06 elementor-widget elementor-widget-image\" data-id=\"d21ed06\" data-element_type=\"widget\" data-e-type=\"widget\" data-widget_type=\"image.default\">\n\t\t\t\t<div class=\"elementor-widget-container\">\n\t\t\t\t\t\t\t\t\t\t\t\t\t\t\t<img fetchpriority=\"high\" decoding=\"async\" width=\"800\" height=\"534\" src=\"https:\/\/tecnifutbol.academy\/wp-content\/uploads\/2022\/08\/trials-1024x683.jpg\" class=\"attachment-large size-large wp-image-1945\" alt=\"\" srcset=\"https:\/\/tecnifutbol.academy\/wp-content\/uploads\/2022\/08\/trials-1024x683.jpg 1024w, https:\/\/tecnifutbol.academy\/wp-content\/uploads\/2022\/08\/trials-300x200.jpg 300w, https:\/\/tecnifutbol.academy\/wp-content\/uploads\/2022\/08\/trials-768x512.jpg 768w, https:\/\/tecnifutbol.academy\/wp-content\/uploads\/2022\/08\/trials.jpg 1280w\" sizes=\"(max-width: 800px) 100vw, 800px\" \/>\t\t\t\t\t\t\t\t\t\t\t\t\t\t\t<\/div>\n\t\t\t\t<\/div>\n\t\t\t\t<\/div>\n\t\t<div class=\"elementor-element elementor-element-e5f39bb e-con-full e-flex e-con e-parent\" data-id=\"e5f39bb\" data-element_type=\"container\" data-e-type=\"container\" data-settings=\"{&quot;jet_parallax_layout_list&quot;:[],&quot;_ha_eqh_enable&quot;:false}\">\n\t\t\t\t<div class=\"elementor-element elementor-element-e4eea39 elementor-widget elementor-widget-heading\" data-id=\"e4eea39\" data-element_type=\"widget\" data-e-type=\"widget\" data-widget_type=\"heading.default\">\n\t\t\t\t<div class=\"elementor-widget-container\">\n\t\t\t\t\t<h2 class=\"elementor-heading-title elementor-size-default\">Tryouts Tecnifutbol<\/h2>\t\t\t\t<\/div>\n\t\t\t\t<\/div>\n\t\t\t\t<div class=\"elementor-element elementor-element-1be3d24 elementor-widget elementor-widget-text-editor\" data-id=\"1be3d24\" data-element_type=\"widget\" data-e-type=\"widget\" data-widget_type=\"text-editor.default\">\n\t\t\t\t<div class=\"elementor-widget-container\">\n\t\t\t\t\t\t\t\t\t<p class=\"p1\">Realizamos trials en el extranjero (pa\u00eds de origen) para ver jugadores in situ. El objetivo es captar talento para el futbol catal\u00e1n y espa\u00f1ol. Tambi\u00e9n realizamos trials a nivel nacional en Barcelona.<\/p><p class=\"p1\">Tecnifutbol Academy tambi\u00e9n ofrece el servicio \u00bbEval\u00faate\u00bb. Este se puede realizar en cualquier momento del a\u00f1o y consiste en estar una semana con nuestros profesionales. Estos, a trav\u00e9s de valoraciones, pruebas f\u00edsicas, t\u00e9cnicas y t\u00e1cticas determinan el nivel del jugador. Durante esta semana se realizan entrenamientos con la academia e incluso con equipos locales para determinar el nivel del jugador.<\/p><p class=\"p1\">Ofrecemos salidas nacionales o internacionales a todos los jugadores participantes a trav\u00e9s de nuestra red de agentes.<\/p>\t\t\t\t\t\t\t\t<\/div>\n\t\t\t\t<\/div>\n\t\t\t\t<\/div>\n\t\t\t\t<\/div>\n\t\t\t\t\t<\/div>\n\t\t\t\t<\/div>\n\t\t<div class=\"elementor-element elementor-element-6948b88 e-flex e-con-boxed e-con e-parent\" data-id=\"6948b88\" data-element_type=\"container\" data-e-type=\"container\" data-settings=\"{&quot;jet_parallax_layout_list&quot;:[],&quot;_ha_eqh_enable&quot;:false}\">\n\t\t\t\t\t<div class=\"e-con-inner\">\n\t\t<div class=\"elementor-element elementor-element-e1ac500 e-flex e-con-boxed e-con e-parent\" data-id=\"e1ac500\" data-element_type=\"container\" data-e-type=\"container\" data-settings=\"{&quot;jet_parallax_layout_list&quot;:[],&quot;_ha_eqh_enable&quot;:false}\">\n\t\t\t\t\t<div class=\"e-con-inner\">\n\t\t<div class=\"elementor-element elementor-element-2e21168 e-flex e-con-boxed e-con e-parent\" data-id=\"2e21168\" data-element_type=\"container\" data-e-type=\"container\" data-settings=\"{&quot;jet_parallax_layout_list&quot;:[],&quot;_ha_eqh_enable&quot;:false}\">\n\t\t\t\t\t<div class=\"e-con-inner\">\n\t\t<div class=\"elementor-element elementor-element-17244fb e-flex e-con-boxed e-con e-parent\" data-id=\"17244fb\" data-element_type=\"container\" data-e-type=\"container\" data-settings=\"{&quot;jet_parallax_layout_list&quot;:[],&quot;_ha_eqh_enable&quot;:false}\">\n\t\t\t\t\t<div class=\"e-con-inner\">\n\t\t<div class=\"elementor-element elementor-element-a121e13 e-flex e-con-boxed e-con e-parent\" data-id=\"a121e13\" data-element_type=\"container\" data-e-type=\"container\" data-settings=\"{&quot;background_background&quot;:&quot;classic&quot;,&quot;jet_parallax_layout_list&quot;:[],&quot;_ha_eqh_enable&quot;:false}\">\n\t\t\t\t\t<div class=\"e-con-inner\">\n\t\t<div class=\"elementor-element elementor-element-385e691 e-con-full e-flex e-con e-parent\" data-id=\"385e691\" data-element_type=\"container\" data-e-type=\"container\" data-settings=\"{&quot;jet_parallax_layout_list&quot;:[],&quot;_ha_eqh_enable&quot;:false}\">\n\t\t\t\t<div class=\"elementor-element elementor-element-fd9e16c elementor-widget elementor-widget-heading\" data-id=\"fd9e16c\" data-element_type=\"widget\" data-e-type=\"widget\" data-widget_type=\"heading.default\">\n\t\t\t\t<div class=\"elementor-widget-container\">\n\t\t\t\t\t<h2 class=\"elementor-heading-title elementor-size-default\">\u00bfQuieres saber m\u00e1s?<\/h2>\t\t\t\t<\/div>\n\t\t\t\t<\/div>\n\t\t\t\t<div class=\"elementor-element elementor-element-1e0a53b elementor-widget elementor-widget-text-editor\" data-id=\"1e0a53b\" data-element_type=\"widget\" data-e-type=\"widget\" data-widget_type=\"text-editor.default\">\n\t\t\t\t<div class=\"elementor-widget-container\">\n\t\t\t\t\t\t\t\t\t<p>Si quieres m\u00e1s informaci\u00f3n sobre nuestros tryouts, descarga nuestro cat\u00e1logo en PDF en \u00e9l encontrar\u00e1s informaci\u00f3n de inter\u00e9s sobre el mismo.<\/p>\t\t\t\t\t\t\t\t<\/div>\n\t\t\t\t<\/div>\n\t\t\t\t<\/div>\n\t\t<div class=\"elementor-element elementor-element-8c548ed e-flex e-con-boxed e-con e-parent\" data-id=\"8c548ed\" data-element_type=\"container\" data-e-type=\"container\" data-settings=\"{&quot;jet_parallax_layout_list&quot;:[],&quot;_ha_eqh_enable&quot;:false}\">\n\t\t\t\t\t<div class=\"e-con-inner\">\n\t\t\t\t<div class=\"elementor-element elementor-element-41fe049 popupform elementor-widget elementor-widget-jet-button\" data-id=\"41fe049\" data-element_type=\"widget\" data-e-type=\"widget\" data-widget_type=\"jet-button.default\">\n\t\t\t\t<div class=\"elementor-widget-container\">\n\t\t\t\t\t<div class=\"elementor-jet-button jet-elements\"><div class=\"jet-button__container\">\n\t<a class=\"jet-button__instance jet-button__instance--icon-left hover-effect-1\" href=\"#0\">\n\t\t<div class=\"jet-button__plane jet-button__plane-normal\"><\/div>\n\t\t<div class=\"jet-button__plane jet-button__plane-hover\"><\/div>\n\t\t<div class=\"jet-button__state jet-button__state-normal\">\n\t\t\t<span class=\"jet-button__label\">Descargar PDF<\/span>\t\t<\/div>\n\t\t<div class=\"jet-button__state jet-button__state-hover\">\n\t\t\t<span class=\"jet-button__label\">Descargar PDF<\/span>\t\t<\/div>\n\t<\/a>\n<\/div>\n<\/div>\t\t\t\t<\/div>\n\t\t\t\t<\/div>\n\t\t\t\t\t<\/div>\n\t\t\t\t<\/div>\n\t\t\t\t\t<\/div>\n\t\t\t\t<\/div>\n\t\t\t\t\t<\/div>\n\t\t\t\t<\/div>\n\t\t\t\t\t<\/div>\n\t\t\t\t<\/div>\n\t\t\t\t\t<\/div>\n\t\t\t\t<\/div>\n\t\t\t\t\t<\/div>\n\t\t\t\t<\/div>\n\t\t<div class=\"elementor-element elementor-element-6f650ca e-flex e-con-boxed e-con e-parent\" data-id=\"6f650ca\" data-element_type=\"container\" data-e-type=\"container\" data-settings=\"{&quot;jet_parallax_layout_list&quot;:[],&quot;_ha_eqh_enable&quot;:false}\">\n\t\t\t\t\t<div class=\"e-con-inner\">\n\t\t\t\t<div class=\"elementor-element elementor-element-23b455a elementor-widget elementor-widget-gallery\" data-id=\"23b455a\" data-element_type=\"widget\" data-e-type=\"widget\" data-settings=\"{&quot;columns&quot;:3,&quot;lazyload&quot;:&quot;yes&quot;,&quot;gallery_layout&quot;:&quot;grid&quot;,&quot;columns_tablet&quot;:2,&quot;columns_mobile&quot;:1,&quot;gap&quot;:{&quot;unit&quot;:&quot;px&quot;,&quot;size&quot;:10,&quot;sizes&quot;:[]},&quot;gap_tablet&quot;:{&quot;unit&quot;:&quot;px&quot;,&quot;size&quot;:10,&quot;sizes&quot;:[]},&quot;gap_mobile&quot;:{&quot;unit&quot;:&quot;px&quot;,&quot;size&quot;:10,&quot;sizes&quot;:[]},&quot;link_to&quot;:&quot;file&quot;,&quot;aspect_ratio&quot;:&quot;3:2&quot;,&quot;overlay_background&quot;:&quot;yes&quot;,&quot;content_hover_animation&quot;:&quot;fade-in&quot;}\" data-widget_type=\"gallery.default\">\n\t\t\t\t<div class=\"elementor-widget-container\">\n\t\t\t\t\t\t\t<div class=\"elementor-gallery__container\">\n\t\t\t\t\t\t\t<a class=\"e-gallery-item elementor-gallery-item elementor-animated-content\" href=\"https:\/\/tecnifutbol.academy\/wp-content\/uploads\/2022\/08\/trials-03.webp\" data-elementor-open-lightbox=\"yes\" data-elementor-lightbox-slideshow=\"23b455a\" data-elementor-lightbox-title=\"trials-03\" data-e-action-hash=\"#elementor-action%3Aaction%3Dlightbox%26settings%3DeyJpZCI6MTQ1MCwidXJsIjoiaHR0cHM6XC9cL3RlY25pZnV0Ym9sLmFjYWRlbXlcL3dwLWNvbnRlbnRcL3VwbG9hZHNcLzIwMjJcLzA4XC90cmlhbHMtMDMud2VicCIsInNsaWRlc2hvdyI6IjIzYjQ1NWEifQ%3D%3D\">\n\t\t\t\t\t<div class=\"e-gallery-image elementor-gallery-item__image\" data-thumbnail=\"https:\/\/tecnifutbol.academy\/wp-content\/uploads\/2022\/08\/trials-03-300x200.webp\" data-width=\"300\" data-height=\"200\" aria-label=\"\" role=\"img\" ><\/div>\n\t\t\t\t\t\t\t\t\t\t\t<div class=\"elementor-gallery-item__overlay\"><\/div>\n\t\t\t\t\t\t\t\t\t\t\t\t\t\t<\/a>\n\t\t\t\t\t\t\t<a class=\"e-gallery-item elementor-gallery-item elementor-animated-content\" href=\"https:\/\/tecnifutbol.academy\/wp-content\/uploads\/2022\/08\/trials-02.webp\" data-elementor-open-lightbox=\"yes\" data-elementor-lightbox-slideshow=\"23b455a\" data-elementor-lightbox-title=\"trials-02\" data-e-action-hash=\"#elementor-action%3Aaction%3Dlightbox%26settings%3DeyJpZCI6MTQ1MSwidXJsIjoiaHR0cHM6XC9cL3RlY25pZnV0Ym9sLmFjYWRlbXlcL3dwLWNvbnRlbnRcL3VwbG9hZHNcLzIwMjJcLzA4XC90cmlhbHMtMDIud2VicCIsInNsaWRlc2hvdyI6IjIzYjQ1NWEifQ%3D%3D\">\n\t\t\t\t\t<div class=\"e-gallery-image elementor-gallery-item__image\" data-thumbnail=\"https:\/\/tecnifutbol.academy\/wp-content\/uploads\/2022\/08\/trials-02-300x165.webp\" data-width=\"300\" data-height=\"165\" aria-label=\"\" role=\"img\" ><\/div>\n\t\t\t\t\t\t\t\t\t\t\t<div class=\"elementor-gallery-item__overlay\"><\/div>\n\t\t\t\t\t\t\t\t\t\t\t\t\t\t<\/a>\n\t\t\t\t\t\t\t<a class=\"e-gallery-item elementor-gallery-item elementor-animated-content\" href=\"https:\/\/tecnifutbol.academy\/wp-content\/uploads\/2022\/08\/trials-01.webp\" data-elementor-open-lightbox=\"yes\" data-elementor-lightbox-slideshow=\"23b455a\" data-elementor-lightbox-title=\"trials-01\" data-e-action-hash=\"#elementor-action%3Aaction%3Dlightbox%26settings%3DeyJpZCI6MTQ1MiwidXJsIjoiaHR0cHM6XC9cL3RlY25pZnV0Ym9sLmFjYWRlbXlcL3dwLWNvbnRlbnRcL3VwbG9hZHNcLzIwMjJcLzA4XC90cmlhbHMtMDEud2VicCIsInNsaWRlc2hvdyI6IjIzYjQ1NWEifQ%3D%3D\">\n\t\t\t\t\t<div class=\"e-gallery-image elementor-gallery-item__image\" data-thumbnail=\"https:\/\/tecnifutbol.academy\/wp-content\/uploads\/2022\/08\/trials-01-300x225.webp\" data-width=\"300\" data-height=\"225\" aria-label=\"\" role=\"img\" ><\/div>\n\t\t\t\t\t\t\t\t\t\t\t<div class=\"elementor-gallery-item__overlay\"><\/div>\n\t\t\t\t\t\t\t\t\t\t\t\t\t\t<\/a>\n\t\t\t\t\t<\/div>\n\t\t\t\t\t<\/div>\n\t\t\t\t<\/div>\n\t\t\t\t\t<\/div>\n\t\t\t\t<\/div>\n\t\t\t\t<\/div>\n\t\t","protected":false},"excerpt":{"rendered":"<p>Tryouts Tecnifutbol Realizamos trials en el extranjero (pa\u00eds de origen) para ver jugadores in situ. El objetivo es captar talento para el futbol catal\u00e1n y espa\u00f1ol. Tambi\u00e9n realizamos trials a nivel nacional en Barcelona. Tecnifutbol Academy tambi\u00e9n ofrece el servicio \u00bbEval\u00faate\u00bb. Este se puede realizar en cualquier momento del a\u00f1o y consiste en estar una [&hellip;]<\/p>\n","protected":false},"author":1,"featured_media":0,"parent":2072,"menu_order":0,"comment_status":"closed","ping_status":"closed","template":"","meta":{"inline_featured_image":false,"footnotes":""},"class_list":["post-2071","page","type-page","status-publish","hentry"],"_links":{"self":[{"href":"https:\/\/tecnifutbol.academy\/es\/wp-json\/wp\/v2\/pages\/2071","targetHints":{"allow":["GET"]}}],"collection":[{"href":"https:\/\/tecnifutbol.academy\/es\/wp-json\/wp\/v2\/pages"}],"about":[{"href":"https:\/\/tecnifutbol.academy\/es\/wp-json\/wp\/v2\/types\/page"}],"author":[{"embeddable":true,"href":"https:\/\/tecnifutbol.academy\/es\/wp-json\/wp\/v2\/users\/1"}],"replies":[{"embeddable":true,"href":"https:\/\/tecnifutbol.academy\/es\/wp-json\/wp\/v2\/comments?post=2071"}],"version-history":[{"count":30,"href":"https:\/\/tecnifutbol.academy\/es\/wp-json\/wp\/v2\/pages\/2071\/revisions"}],"predecessor-version":[{"id":4123,"href":"https:\/\/tecnifutbol.academy\/es\/wp-json\/wp\/v2\/pages\/2071\/revisions\/4123"}],"up":[{"embeddable":true,"href":"https:\/\/tecnifutbol.academy\/es\/wp-json\/wp\/v2\/pages\/2072"}],"wp:attachment":[{"href":"https:\/\/tecnifutbol.academy\/es\/wp-json\/wp\/v2\/media?parent=2071"}],"curies":[{"name":"wp","href":"https:\/\/api.w.org\/{rel}","templated":true}]}}