{"id":2074,"date":"2022-06-01T21:43:19","date_gmt":"2022-06-01T21:43:19","guid":{"rendered":"http:\/\/tecnifutbol.academy\/albert-vinas\/"},"modified":"2023-06-29T10:49:22","modified_gmt":"2023-06-29T10:49:22","slug":"albert-vinas","status":"publish","type":"page","link":"https:\/\/tecnifutbol.academy\/es\/albert-vinas\/","title":{"rendered":"Albert Vi\u00f1as"},"content":{"rendered":"\t\t<div data-elementor-type=\"wp-page\" data-elementor-id=\"2074\" class=\"elementor elementor-2074 elementor-485\" data-elementor-settings=\"{&quot;ha_cmc_init_switcher&quot;:&quot;no&quot;}\" data-elementor-post-type=\"page\">\n\t\t\t\t<div class=\"elementor-element elementor-element-ce75dc4 e-con-full e-flex e-con e-parent\" data-id=\"ce75dc4\" data-element_type=\"container\" data-e-type=\"container\" data-settings=\"{&quot;jet_parallax_layout_list&quot;:[],&quot;_ha_eqh_enable&quot;:false}\">\n\t\t\t\t<div class=\"elementor-element elementor-element-4d646fc elementor-widget elementor-widget-template\" data-id=\"4d646fc\" data-element_type=\"widget\" data-e-type=\"widget\" data-widget_type=\"template.default\">\n\t\t\t\t<div class=\"elementor-widget-container\">\n\t\t\t\t\t\t\t<div class=\"elementor-template\">\n\t\t\t\t\t<div data-elementor-type=\"section\" data-elementor-id=\"589\" class=\"elementor elementor-589\" data-elementor-settings=\"{&quot;ha_cmc_init_switcher&quot;:&quot;no&quot;}\" data-elementor-post-type=\"elementor_library\">\n\t\t\t<div class=\"elementor-element elementor-element-ba49689 e-con-full e-flex e-con e-parent\" data-id=\"ba49689\" data-element_type=\"container\" data-e-type=\"container\" data-settings=\"{&quot;_ha_eqh_enable&quot;:false,&quot;jet_parallax_layout_list&quot;:[]}\">\n\t\t<div class=\"elementor-element elementor-element-0ac2caf e-flex e-con-boxed e-con e-child\" data-id=\"0ac2caf\" data-element_type=\"container\" data-e-type=\"container\" data-settings=\"{&quot;background_background&quot;:&quot;classic&quot;,&quot;jet_parallax_layout_list&quot;:[],&quot;_ha_eqh_enable&quot;:false}\">\n\t\t\t\t\t<div class=\"e-con-inner\">\n\t\t<div class=\"elementor-element elementor-element-b279ace e-con-full e-flex e-con e-child\" data-id=\"b279ace\" data-element_type=\"container\" data-e-type=\"container\" data-settings=\"{&quot;_ha_eqh_enable&quot;:false,&quot;jet_parallax_layout_list&quot;:[]}\">\n\t\t\t\t<div class=\"elementor-element elementor-element-6ae5cba elementor-widget elementor-widget-heading\" data-id=\"6ae5cba\" data-element_type=\"widget\" data-e-type=\"widget\" data-widget_type=\"heading.default\">\n\t\t\t\t<div class=\"elementor-widget-container\">\n\t\t\t\t\t<h2 class=\"elementor-heading-title elementor-size-default\">Albert Vi\u00f1as<\/h2>\t\t\t\t<\/div>\n\t\t\t\t<\/div>\n\t\t\t\t<\/div>\n\t\t\t\t\t<\/div>\n\t\t\t\t<\/div>\n\t\t\t\t<\/div>\n\t\t\t\t<\/div>\n\t\t\t\t<\/div>\n\t\t\t\t\t\t<\/div>\n\t\t\t\t<\/div>\n\t\t\t\t<\/div>\n\t\t<div class=\"elementor-element elementor-element-ea6efaf e-flex e-con-boxed e-con e-parent\" data-id=\"ea6efaf\" data-element_type=\"container\" data-e-type=\"container\" data-settings=\"{&quot;jet_parallax_layout_list&quot;:[],&quot;_ha_eqh_enable&quot;:false}\">\n\t\t\t\t\t<div class=\"e-con-inner\">\n\t\t<div class=\"elementor-element elementor-element-e21abd3 e-con-full e-flex e-con e-parent\" data-id=\"e21abd3\" data-element_type=\"container\" data-e-type=\"container\" data-settings=\"{&quot;jet_parallax_layout_list&quot;:[],&quot;_ha_eqh_enable&quot;:false}\">\n\t\t\t\t<div class=\"elementor-element elementor-element-811aa9c elementor-widget elementor-widget-heading\" data-id=\"811aa9c\" data-element_type=\"widget\" data-e-type=\"widget\" data-widget_type=\"heading.default\">\n\t\t\t\t<div class=\"elementor-widget-container\">\n\t\t\t\t\t<h2 class=\"elementor-heading-title elementor-size-default\">Albert Vi\u00f1as i Aliau<\/h2>\t\t\t\t<\/div>\n\t\t\t\t<\/div>\n\t\t<div class=\"elementor-element elementor-element-3646568 e-flex e-con-boxed e-con e-parent\" data-id=\"3646568\" data-element_type=\"container\" data-e-type=\"container\" data-settings=\"{&quot;jet_parallax_layout_list&quot;:[],&quot;_ha_eqh_enable&quot;:false}\">\n\t\t\t\t\t<div class=\"e-con-inner\">\n\t\t\t\t<div class=\"elementor-element elementor-element-ae3fe4c elementor-widget elementor-widget-image\" data-id=\"ae3fe4c\" data-element_type=\"widget\" data-e-type=\"widget\" data-widget_type=\"image.default\">\n\t\t\t\t<div class=\"elementor-widget-container\">\n\t\t\t\t\t\t\t\t\t\t\t\t\t\t\t<img decoding=\"async\" src=\"https:\/\/tecnifutbol.academy\/wp-content\/uploads\/2022\/05\/rcd-espanyol-logo-escudo.png\" title=\"rcd-espanyol-logo-escudo\" alt=\"rcd-espanyol-logo-escudo\" loading=\"lazy\" \/>\t\t\t\t\t\t\t\t\t\t\t\t\t\t\t<\/div>\n\t\t\t\t<\/div>\n\t\t\t\t<div class=\"elementor-element elementor-element-09960a7 elementor-widget elementor-widget-image\" data-id=\"09960a7\" data-element_type=\"widget\" data-e-type=\"widget\" data-widget_type=\"image.default\">\n\t\t\t\t<div class=\"elementor-widget-container\">\n\t\t\t\t\t\t\t\t\t\t\t\t\t\t\t<img decoding=\"async\" src=\"https:\/\/tecnifutbol.academy\/wp-content\/uploads\/2022\/05\/Libyan_Football_Federation_Logo.png\" title=\"Libyan_Football_Federation_Logo\" alt=\"Libyan_Football_Federation_Logo\" loading=\"lazy\" \/>\t\t\t\t\t\t\t\t\t\t\t\t\t\t\t<\/div>\n\t\t\t\t<\/div>\n\t\t\t\t<div class=\"elementor-element elementor-element-fdf18cf elementor-widget elementor-widget-image\" data-id=\"fdf18cf\" data-element_type=\"widget\" data-e-type=\"widget\" data-widget_type=\"image.default\">\n\t\t\t\t<div class=\"elementor-widget-container\">\n\t\t\t\t\t\t\t\t\t\t\t\t\t\t\t<img decoding=\"async\" src=\"https:\/\/tecnifutbol.academy\/wp-content\/uploads\/2022\/05\/federeacio-catalana-de-futbol-logo.png\" title=\"federeacio-catalana-de-futbol-logo\" alt=\"federeacio-catalana-de-futbol-logo\" loading=\"lazy\" \/>\t\t\t\t\t\t\t\t\t\t\t\t\t\t\t<\/div>\n\t\t\t\t<\/div>\n\t\t\t\t<div class=\"elementor-element elementor-element-6bda0cc elementor-widget elementor-widget-image\" data-id=\"6bda0cc\" data-element_type=\"widget\" data-e-type=\"widget\" data-widget_type=\"image.default\">\n\t\t\t\t<div class=\"elementor-widget-container\">\n\t\t\t\t\t\t\t\t\t\t\t\t\t\t\t<img decoding=\"async\" src=\"https:\/\/tecnifutbol.academy\/wp-content\/uploads\/2022\/05\/Barcelona_1992.png\" title=\"Barcelona_1992\" alt=\"Barcelona_1992\" loading=\"lazy\" \/>\t\t\t\t\t\t\t\t\t\t\t\t\t\t\t<\/div>\n\t\t\t\t<\/div>\n\t\t\t\t<div class=\"elementor-element elementor-element-62d3365 elementor-widget elementor-widget-image\" data-id=\"62d3365\" data-element_type=\"widget\" data-e-type=\"widget\" data-widget_type=\"image.default\">\n\t\t\t\t<div class=\"elementor-widget-container\">\n\t\t\t\t\t\t\t\t\t\t\t\t\t\t\t<img decoding=\"async\" src=\"https:\/\/tecnifutbol.academy\/wp-content\/uploads\/2023\/06\/logo-marenostrum.png\" title=\"logo-marenostrum\" alt=\"logo-marenostrum\" loading=\"lazy\" \/>\t\t\t\t\t\t\t\t\t\t\t\t\t\t\t<\/div>\n\t\t\t\t<\/div>\n\t\t\t\t<div class=\"elementor-element elementor-element-034fb47 elementor-widget elementor-widget-image\" data-id=\"034fb47\" data-element_type=\"widget\" data-e-type=\"widget\" data-widget_type=\"image.default\">\n\t\t\t\t<div class=\"elementor-widget-container\">\n\t\t\t\t\t\t\t\t\t\t\t\t\t\t\t<img decoding=\"async\" src=\"https:\/\/tecnifutbol.academy\/wp-content\/uploads\/2022\/05\/logo-cruyfffootball.svg\" title=\"logo-cruyfffootball.svg\" alt=\"logo-cruyfffootball.svg\" loading=\"lazy\" \/>\t\t\t\t\t\t\t\t\t\t\t\t\t\t\t<\/div>\n\t\t\t\t<\/div>\n\t\t\t\t<div class=\"elementor-element elementor-element-4fd8623 elementor-widget elementor-widget-image\" data-id=\"4fd8623\" data-element_type=\"widget\" data-e-type=\"widget\" data-widget_type=\"image.default\">\n\t\t\t\t<div class=\"elementor-widget-container\">\n\t\t\t\t\t\t\t\t\t\t\t\t\t\t\t<img decoding=\"async\" src=\"https:\/\/tecnifutbol.academy\/wp-content\/uploads\/2023\/06\/FC-Torpedo-Moscu.png\" title=\"FC Torpedo Moscu\" alt=\"FC Torpedo Moscu\" loading=\"lazy\" \/>\t\t\t\t\t\t\t\t\t\t\t\t\t\t\t<\/div>\n\t\t\t\t<\/div>\n\t\t\t\t\t<\/div>\n\t\t\t\t<\/div>\n\t\t\t\t<div class=\"elementor-element elementor-element-aebbc70 elementor-widget elementor-widget-text-editor\" data-id=\"aebbc70\" data-element_type=\"widget\" data-e-type=\"widget\" data-widget_type=\"text-editor.default\">\n\t\t\t\t<div class=\"elementor-widget-container\">\n\t\t\t\t\t\t\t\t\t<p><strong>He hecho de mi gran pasi\u00f3n, el f\u00fatbol, mi profesi\u00f3n y forma de vida.<\/strong><\/p><p>Mi formaci\u00f3n y experiencia profesional me han permitido ver el f\u00fatbol desde todas sus diferentes perspectivas: Jugador, Entrenador, Preparador F\u00edsico, Director Deportivo, Profesor, etc.. incluso Presidente del Club.<\/p><p>Nos encantan los proyectos nuevos, nos encantan los retos, nos motivan las metas ambiciosas&#8230;<\/p>\t\t\t\t\t\t\t\t<\/div>\n\t\t\t\t<\/div>\n\t\t\t\t<div class=\"elementor-element elementor-element-409a5f5 elementor-widget elementor-widget-image\" data-id=\"409a5f5\" data-element_type=\"widget\" data-e-type=\"widget\" data-widget_type=\"image.default\">\n\t\t\t\t<div class=\"elementor-widget-container\">\n\t\t\t\t\t\t\t\t\t\t\t\t\t\t\t<img decoding=\"async\" src=\"https:\/\/tecnifutbol.academy\/wp-content\/uploads\/2022\/05\/logo-tecnifutbol-horitzontal-color.svg\" title=\"logo-tecnifutbol-horitzontal-color\" alt=\"logo-tecnifutbol-horitzontal-color\" loading=\"lazy\" \/>\t\t\t\t\t\t\t\t\t\t\t\t\t\t\t<\/div>\n\t\t\t\t<\/div>\n\t\t\t\t<div class=\"elementor-element elementor-element-9eeae92 elementor-widget elementor-widget-image\" data-id=\"9eeae92\" data-element_type=\"widget\" data-e-type=\"widget\" data-widget_type=\"image.default\">\n\t\t\t\t<div class=\"elementor-widget-container\">\n\t\t\t\t\t\t\t\t\t\t\t\t\t\t\t<img decoding=\"async\" src=\"https:\/\/tecnifutbol.academy\/wp-content\/uploads\/2022\/08\/inspired-by-cruyff-football.svg\" title=\"inspired-by-cruyff-football\" alt=\"inspired-by-cruyff-football\" loading=\"lazy\" \/>\t\t\t\t\t\t\t\t\t\t\t\t\t\t\t<\/div>\n\t\t\t\t<\/div>\n\t\t\t\t<\/div>\n\t\t<div class=\"elementor-element elementor-element-09c9928 e-con-full e-flex e-con e-parent\" data-id=\"09c9928\" data-element_type=\"container\" data-e-type=\"container\" data-settings=\"{&quot;jet_parallax_layout_list&quot;:[],&quot;_ha_eqh_enable&quot;:false}\">\n\t\t\t\t<div class=\"elementor-element elementor-element-fba6aac elementor-widget elementor-widget-image\" data-id=\"fba6aac\" data-element_type=\"widget\" data-e-type=\"widget\" data-widget_type=\"image.default\">\n\t\t\t\t<div class=\"elementor-widget-container\">\n\t\t\t\t\t\t\t\t\t\t\t\t\t\t\t<img decoding=\"async\" src=\"https:\/\/tecnifutbol.academy\/wp-content\/uploads\/2022\/05\/albert-vinas.png\" title=\"albert-vinas\" alt=\"albert-vinas\" loading=\"lazy\" \/>\t\t\t\t\t\t\t\t\t\t\t\t\t\t\t<\/div>\n\t\t\t\t<\/div>\n\t\t\t\t<\/div>\n\t\t\t\t\t<\/div>\n\t\t\t\t<\/div>\n\t\t<div class=\"elementor-element elementor-element-d0578d8 e-flex e-con-boxed e-con e-parent\" data-id=\"d0578d8\" data-element_type=\"container\" data-e-type=\"container\" data-settings=\"{&quot;jet_parallax_layout_list&quot;:[],&quot;_ha_eqh_enable&quot;:false}\">\n\t\t\t\t\t<div class=\"e-con-inner\">\n\t\t<div class=\"elementor-element elementor-element-1724872 e-flex e-con-boxed e-con e-parent\" data-id=\"1724872\" data-element_type=\"container\" data-e-type=\"container\" data-settings=\"{&quot;jet_parallax_layout_list&quot;:[],&quot;background_background&quot;:&quot;classic&quot;,&quot;_ha_eqh_enable&quot;:false}\">\n\t\t\t\t\t<div class=\"e-con-inner\">\n\t\t\t\t\t<\/div>\n\t\t\t\t<\/div>\n\t\t\t\t\t<\/div>\n\t\t\t\t<\/div>\n\t\t\t\t<\/div>\n\t\t","protected":false},"excerpt":{"rendered":"<p>Albert Vi\u00f1as i Aliau He hecho de mi gran pasi\u00f3n, el f\u00fatbol, mi profesi\u00f3n y forma de vida. Mi formaci\u00f3n y experiencia profesional me han permitido ver el f\u00fatbol desde todas sus diferentes perspectivas: Jugador, Entrenador, Preparador F\u00edsico, Director Deportivo, Profesor, etc.. incluso Presidente del Club. Nos encantan los proyectos nuevos, nos encantan los retos, [&hellip;]<\/p>\n","protected":false},"author":1,"featured_media":0,"parent":0,"menu_order":0,"comment_status":"closed","ping_status":"closed","template":"","meta":{"inline_featured_image":false,"footnotes":""},"class_list":["post-2074","page","type-page","status-publish","hentry"],"_links":{"self":[{"href":"https:\/\/tecnifutbol.academy\/es\/wp-json\/wp\/v2\/pages\/2074","targetHints":{"allow":["GET"]}}],"collection":[{"href":"https:\/\/tecnifutbol.academy\/es\/wp-json\/wp\/v2\/pages"}],"about":[{"href":"https:\/\/tecnifutbol.academy\/es\/wp-json\/wp\/v2\/types\/page"}],"author":[{"embeddable":true,"href":"https:\/\/tecnifutbol.academy\/es\/wp-json\/wp\/v2\/users\/1"}],"replies":[{"embeddable":true,"href":"https:\/\/tecnifutbol.academy\/es\/wp-json\/wp\/v2\/comments?post=2074"}],"version-history":[{"count":10,"href":"https:\/\/tecnifutbol.academy\/es\/wp-json\/wp\/v2\/pages\/2074\/revisions"}],"predecessor-version":[{"id":4060,"href":"https:\/\/tecnifutbol.academy\/es\/wp-json\/wp\/v2\/pages\/2074\/revisions\/4060"}],"wp:attachment":[{"href":"https:\/\/tecnifutbol.academy\/es\/wp-json\/wp\/v2\/media?parent=2074"}],"curies":[{"name":"wp","href":"https:\/\/api.w.org\/{rel}","templated":true}]}}