{"id":3168,"date":"2022-08-30T12:00:38","date_gmt":"2022-08-30T12:00:38","guid":{"rendered":"https:\/\/tecnifutbol.academy\/nouvelles\/"},"modified":"2022-10-07T12:53:43","modified_gmt":"2022-10-07T12:53:43","slug":"nouvelles","status":"publish","type":"page","link":"https:\/\/tecnifutbol.academy\/fr\/nouvelles\/","title":{"rendered":"Nouvelles"},"content":{"rendered":"\t\t<div data-elementor-type=\"wp-page\" data-elementor-id=\"3168\" class=\"elementor elementor-3168 elementor-2085\" data-elementor-settings=\"{&quot;ha_cmc_init_switcher&quot;:&quot;no&quot;}\" data-elementor-post-type=\"page\">\n\t\t\t\t<div class=\"elementor-element elementor-element-474689e2 e-con-full e-flex e-con e-parent\" data-id=\"474689e2\" data-element_type=\"container\" data-e-type=\"container\" data-settings=\"{&quot;background_background&quot;:&quot;classic&quot;,&quot;_ha_eqh_enable&quot;:false,&quot;jet_parallax_layout_list&quot;:[]}\">\n\t\t\t\t<div class=\"elementor-element elementor-element-6d4b9ee1 elementor-widget elementor-widget-heading\" data-id=\"6d4b9ee1\" data-element_type=\"widget\" data-e-type=\"widget\" data-widget_type=\"heading.default\">\n\t\t\t\t<div class=\"elementor-widget-container\">\n\t\t\t\t\t<h2 class=\"elementor-heading-title elementor-size-default\">Nouvelles<\/h2>\t\t\t\t<\/div>\n\t\t\t\t<\/div>\n\t\t\t\t<\/div>\n\t\t<div class=\"elementor-element elementor-element-3596f51 e-flex e-con-boxed e-con e-parent\" data-id=\"3596f51\" data-element_type=\"container\" data-e-type=\"container\" data-settings=\"{&quot;_ha_eqh_enable&quot;:false,&quot;jet_parallax_layout_list&quot;:[]}\">\n\t\t\t\t\t<div class=\"e-con-inner\">\n\t\t<div class=\"elementor-element elementor-element-3aa7f22a e-con-full e-flex e-con e-parent\" data-id=\"3aa7f22a\" data-element_type=\"container\" data-e-type=\"container\" data-settings=\"{&quot;_ha_eqh_enable&quot;:false,&quot;jet_parallax_layout_list&quot;:[]}\">\n\t\t<div class=\"elementor-element elementor-element-4a688db5 e-flex e-con-boxed e-con e-parent\" data-id=\"4a688db5\" data-element_type=\"container\" data-e-type=\"container\" data-settings=\"{&quot;_ha_eqh_enable&quot;:false,&quot;jet_parallax_layout_list&quot;:[]}\">\n\t\t\t\t\t<div class=\"e-con-inner\">\n\t\t\t\t<div class=\"elementor-element elementor-element-3549994e elementor-grid-1 elementor-grid-tablet-2 elementor-grid-mobile-1 elementor-posts--thumbnail-top elementor-card-shadow-yes elementor-posts__hover-gradient elementor-widget elementor-widget-posts\" data-id=\"3549994e\" data-element_type=\"widget\" data-e-type=\"widget\" data-settings=\"{&quot;cards_columns&quot;:&quot;1&quot;,&quot;cards_columns_tablet&quot;:&quot;2&quot;,&quot;cards_columns_mobile&quot;:&quot;1&quot;,&quot;cards_row_gap&quot;:{&quot;unit&quot;:&quot;px&quot;,&quot;size&quot;:35,&quot;sizes&quot;:[]},&quot;cards_row_gap_tablet&quot;:{&quot;unit&quot;:&quot;px&quot;,&quot;size&quot;:&quot;&quot;,&quot;sizes&quot;:[]},&quot;cards_row_gap_mobile&quot;:{&quot;unit&quot;:&quot;px&quot;,&quot;size&quot;:&quot;&quot;,&quot;sizes&quot;:[]}}\" data-widget_type=\"posts.cards\">\n\t\t\t\t<div class=\"elementor-widget-container\">\n\t\t\t\t\t\t\t<div class=\"elementor-posts-container elementor-posts elementor-posts--skin-cards elementor-grid\" role=\"list\">\n\t\t\t\t<article class=\"elementor-post elementor-grid-item post-3206 post type-post status-publish format-standard has-post-thumbnail hentry category-general\" role=\"listitem\">\n\t\t\t<div class=\"elementor-post__card\">\n\t\t\t\t<a class=\"elementor-post__thumbnail__link\" href=\"https:\/\/tecnifutbol.academy\/fr\/la-tecnifutbol-academy-developpera-les-produits-de-la-methodologie-du-football-de-cruyff-sur-le-terrain\/\" tabindex=\"-1\"><div class=\"elementor-post__thumbnail\"><img fetchpriority=\"high\" decoding=\"async\" width=\"1200\" height=\"652\" src=\"https:\/\/tecnifutbol.academy\/wp-content\/uploads\/2022\/08\/news-01.webp\" class=\"attachment-full size-full wp-image-3141\" alt=\"\" srcset=\"https:\/\/tecnifutbol.academy\/wp-content\/uploads\/2022\/08\/news-01.webp 1200w, https:\/\/tecnifutbol.academy\/wp-content\/uploads\/2022\/08\/news-01-300x163.webp 300w, https:\/\/tecnifutbol.academy\/wp-content\/uploads\/2022\/08\/news-01-1024x556.webp 1024w, https:\/\/tecnifutbol.academy\/wp-content\/uploads\/2022\/08\/news-01-768x417.webp 768w\" sizes=\"(max-width: 1200px) 100vw, 1200px\" \/><\/div><\/a>\n\t\t\t\t<div class=\"elementor-post__badge\">G\u00e9n\u00e9ral<\/div>\n\t\t\t\t<div class=\"elementor-post__text\">\n\t\t\t\t<h3 class=\"elementor-post__title\">\n\t\t\t<a href=\"https:\/\/tecnifutbol.academy\/fr\/la-tecnifutbol-academy-developpera-les-produits-de-la-methodologie-du-football-de-cruyff-sur-le-terrain\/\">\n\t\t\t\tLa Tecnifutbol Academy d\u00e9veloppera les produits de la M\u00e9thodologie du football de Cruyff sur le terrain.\t\t\t<\/a>\n\t\t<\/h3>\n\t\t\t\t<div class=\"elementor-post__excerpt\">\n\t\t\t<p>La Tecnifutbol Academy (TFA) offrira un large \u00e9ventail de services de football pour les joueurs, les entra\u00eeneurs, les clubs, les f\u00e9d\u00e9rations, etc. \u00e0 Salou et \u00e0 Barcelone, et dans le<\/p>\n\t\t<\/div>\n\t\t\n\t\t<a class=\"elementor-post__read-more\" href=\"https:\/\/tecnifutbol.academy\/fr\/la-tecnifutbol-academy-developpera-les-produits-de-la-methodologie-du-football-de-cruyff-sur-le-terrain\/\" aria-label=\"En savoir plus sur La Tecnifutbol Academy d\u00e9veloppera les produits de la M\u00e9thodologie du football de Cruyff sur le terrain.\" tabindex=\"-1\">\n\t\t\tLire plus \"\t\t<\/a>\n\n\t\t\t\t<\/div>\n\t\t\t\t<div class=\"elementor-post__meta-data\">\n\t\t\t\t\t<span class=\"elementor-post-date\">\n\t\t\t1 septembre 2022\t\t<\/span>\n\t\t\t\t<\/div>\n\t\t\t\t\t<\/div>\n\t\t<\/article>\n\t\t\t\t<\/div>\n\t\t\n\t\t\t\t\t\t<\/div>\n\t\t\t\t<\/div>\n\t\t\t\t\t<\/div>\n\t\t\t\t<\/div>\n\t\t\t\t<\/div>\n\t\t<div class=\"elementor-element elementor-element-42623f06 e-con-full elementor-hidden-mobile e-flex e-con e-parent\" data-id=\"42623f06\" data-element_type=\"container\" data-e-type=\"container\" data-settings=\"{&quot;_ha_eqh_enable&quot;:false,&quot;jet_parallax_layout_list&quot;:[]}\">\n\t\t\t\t<div class=\"elementor-element elementor-element-69d91bd elementor-widget elementor-widget-image\" data-id=\"69d91bd\" data-element_type=\"widget\" data-e-type=\"widget\" data-widget_type=\"image.default\">\n\t\t\t\t<div class=\"elementor-widget-container\">\n\t\t\t\t\t\t\t\t\t\t\t\t\t\t\t<img decoding=\"async\" src=\"https:\/\/tecnifutbol.academy\/wp-content\/uploads\/2022\/05\/logo-tecnifutbol.svg\" title=\"logo-tecnifutbol\" alt=\"logo-tecnifutbol\" loading=\"lazy\" \/>\t\t\t\t\t\t\t\t\t\t\t\t\t\t\t<\/div>\n\t\t\t\t<\/div>\n\t\t\t\t<div class=\"elementor-element elementor-element-6e6788f elementor-widget elementor-widget-image\" data-id=\"6e6788f\" data-element_type=\"widget\" data-e-type=\"widget\" data-widget_type=\"image.default\">\n\t\t\t\t<div class=\"elementor-widget-container\">\n\t\t\t\t\t\t\t\t\t\t\t\t\t\t\t<img decoding=\"async\" src=\"https:\/\/tecnifutbol.academy\/wp-content\/uploads\/2022\/08\/inspired-by-cruyff-football.svg\" title=\"inspired-by-cruyff-football\" alt=\"inspired-by-cruyff-football\" loading=\"lazy\" \/>\t\t\t\t\t\t\t\t\t\t\t\t\t\t\t<\/div>\n\t\t\t\t<\/div>\n\t\t\t\t<div class=\"elementor-element elementor-element-33c37c3 elementor-widget elementor-widget-spacer\" data-id=\"33c37c3\" data-element_type=\"widget\" data-e-type=\"widget\" data-widget_type=\"spacer.default\">\n\t\t\t\t<div class=\"elementor-widget-container\">\n\t\t\t\t\t\t\t<div class=\"elementor-spacer\">\n\t\t\t<div class=\"elementor-spacer-inner\"><\/div>\n\t\t<\/div>\n\t\t\t\t\t\t<\/div>\n\t\t\t\t<\/div>\n\t\t\t\t<div class=\"elementor-element elementor-element-3cec98e elementor-widget elementor-widget-heading\" data-id=\"3cec98e\" data-element_type=\"widget\" data-e-type=\"widget\" data-widget_type=\"heading.default\">\n\t\t\t\t<div class=\"elementor-widget-container\">\n\t\t\t\t\t<h4 class=\"elementor-heading-title elementor-size-default\">Nous contacter<\/h4>\t\t\t\t<\/div>\n\t\t\t\t<\/div>\n\t\t\t\t<div class=\"elementor-element elementor-element-38a0864 elementor-widget elementor-widget-wpforms\" data-id=\"38a0864\" data-element_type=\"widget\" data-e-type=\"widget\" data-widget_type=\"wpforms.default\">\n\t\t\t\t<div class=\"elementor-widget-container\">\n\t\t\t\t\t<div class=\"wpforms-container wpforms-container-full\" id=\"wpforms-2455\"><form id=\"wpforms-form-2455\" class=\"wpforms-validate wpforms-form wpforms-ajax-form\" data-formid=\"2455\" method=\"post\" enctype=\"multipart\/form-data\" action=\"\/fr\/wp-json\/wp\/v2\/pages\/3168\" data-token=\"fb619ca94550f2b9971f0b9f73ccdd50\" data-token-time=\"1776581028\"><noscript class=\"wpforms-error-noscript\">Veuillez activer JavaScript dans votre navigateur pour remplir ce formulaire.<\/noscript><div class=\"wpforms-field-container\"><div id=\"wpforms-2455-field_1-container\" class=\"wpforms-field wpforms-field-text\" data-field-id=\"1\"><label class=\"wpforms-field-label wpforms-label-hide\" for=\"wpforms-2455-field_1\">Nom <span class=\"wpforms-required-label\">*<\/span><\/label><input type=\"text\" id=\"wpforms-2455-field_1\" class=\"wpforms-field-large wpforms-field-required\" name=\"wpforms[fields][1]\" placeholder=\"Nom\" required><\/div><div id=\"wpforms-2455-field_4-container\" class=\"wpforms-field wpforms-field-email\" data-field-id=\"4\"><label class=\"wpforms-field-label wpforms-label-hide\" for=\"wpforms-2455-field_4\">Courriel : <span class=\"wpforms-required-label\">*<\/span><\/label><input type=\"email\" id=\"wpforms-2455-field_4\" class=\"wpforms-field-large wpforms-field-required\" name=\"wpforms[fields][4]\" placeholder=\"Courriel :\" spellcheck=\"false\" required><\/div><div id=\"wpforms-2455-field_5-container\" class=\"wpforms-field wpforms-field-phone\" data-field-id=\"5\"><label class=\"wpforms-field-label wpforms-label-hide\" for=\"wpforms-2455-field_5\">T\u00e9l\u00e9phone <span class=\"wpforms-required-label\">*<\/span><\/label><input type=\"tel\" id=\"wpforms-2455-field_5\" class=\"wpforms-field-large wpforms-field-required wpforms-smart-phone-field\" data-rule-smart-phone-field=\"true\" name=\"wpforms[fields][5]\" placeholder=\"T\u00e9l\u00e9phone\" aria-label=\"T\u00e9l\u00e9phone\" required><\/div><div id=\"wpforms-2455-field_2-container\" class=\"wpforms-field wpforms-field-text\" data-field-id=\"2\"><label class=\"wpforms-field-label wpforms-label-hide\" for=\"wpforms-2455-field_2\">Club<\/label><input type=\"text\" id=\"wpforms-2455-field_2\" class=\"wpforms-field-large\" name=\"wpforms[fields][2]\" placeholder=\"Club\" ><\/div><div id=\"wpforms-2455-field_3-container\" class=\"wpforms-field wpforms-field-text\" data-field-id=\"3\"><label class=\"wpforms-field-label wpforms-label-hide\" for=\"wpforms-2455-field_3\">Pays<\/label><input type=\"text\" id=\"wpforms-2455-field_3\" class=\"wpforms-field-large\" name=\"wpforms[fields][3]\" placeholder=\"Pays\" ><\/div><div id=\"wpforms-2455-field_6-container\" class=\"wpforms-field wpforms-field-textarea\" data-field-id=\"6\"><label class=\"wpforms-field-label\" for=\"wpforms-2455-field_6\">Message <span class=\"wpforms-required-label\">*<\/span><\/label><textarea id=\"wpforms-2455-field_6\" class=\"wpforms-field-large wpforms-field-required\" name=\"wpforms[fields][6]\" required><\/textarea><\/div><div id=\"wpforms-2455-field_7-container\" class=\"wpforms-field wpforms-field-checkbox\" data-field-id=\"7\"><label class=\"wpforms-field-label wpforms-label-hide\">RGPD <span class=\"wpforms-required-label\">*<\/span><\/label><ul id=\"wpforms-2455-field_7\" class=\"wpforms-field-required\"><li class=\"choice-1 depth-1\"><input type=\"checkbox\" id=\"wpforms-2455-field_7_1\" name=\"wpforms[fields][7][]\" value=\"J&#039;ai lu, compris et accept\u00e9 la &lt;a href=&quot;https:\/\/tecnifutbol.academy\/privacy-policy\/&quot;&gt;politique de confidentialit\u00e9&lt;\/a&gt;\" required ><label class=\"wpforms-field-label-inline\" for=\"wpforms-2455-field_7_1\">J'ai lu, compris et accept\u00e9 la <a href=\"https:\/\/tecnifutbol.academy\/privacy-policy\/\">politique de confidentialit\u00e9<\/a> <span class=\"wpforms-required-label\">*<\/span><\/label><\/li><\/ul><div class=\"wpforms-field-description wpforms-disclaimer-description\">Conform\u00e9ment \u00e0 la l\u00e9gislation actuelle sur la confidentialit\u00e9 des donn\u00e9es, nous vous informons comme suit concernant le traitement de vos donn\u00e9es personnelles : Contr\u00f4leur de donn\u00e9es : TECNIFUTBOL 2010, SL., (B43604412). Finalit\u00e9 : vos donn\u00e9es sont n\u00e9cessaires pour r\u00e9pondre \u00e0 vos questions et pour vous fournir des informations pr\u00e9contractuelles. Base juridique : Votre consentement expr\u00e8s et l'ex\u00e9cution des services pr\u00e9contractuels. Destinataires : Les donn\u00e9es personnelles ne sont communiqu\u00e9es \u00e0 aucune autre personne ou entit\u00e9, sauf \u00e0 nos fournisseurs, si la loi ou les autorit\u00e9s judiciaires l'exigent. Vos donn\u00e9es personnelles ne feront l'objet d'aucun traitement transfrontalier de donn\u00e9es. Conservation : Nous conserverons vos donn\u00e9es personnelles aussi longtemps qu'elles seront n\u00e9cessaires pour \u00eatre en contact avec vous. Exercice des droits : Vous pouvez retirer votre consentement, ainsi qu'exercer les droits d'acc\u00e8s, de rectification, d'effacement, de limitation, d'opposition au traitement et de portabilit\u00e9 en envoyant un courriel \u00e0 info@tecnifutbol.academy, ou une lettre \u00e0 l'adresse postale Calle Pierre Vilar n\u00ba 17, 4\u00ba 3\u00aa, 43840 Salou (Tarragone). Vous pouvez \u00e9galement d\u00e9poser une plainte aupr\u00e8s de l'Agence espagnole de protection des donn\u00e9es \u00e0 l'adresse suivante : www.aepd.es.<\/div><\/div><\/div><!-- .wpforms-field-container --><div class=\"wpforms-recaptcha-container wpforms-is-recaptcha wpforms-is-recaptcha-type-v3\" ><input type=\"hidden\" name=\"wpforms[recaptcha]\" value=\"\"><\/div><div class=\"wpforms-submit-container\" ><input type=\"hidden\" name=\"wpforms[id]\" value=\"2455\"><input type=\"hidden\" name=\"page_title\" value=\"\"><input type=\"hidden\" name=\"page_url\" value=\"https:\/\/tecnifutbol.academy\/fr\/wp-json\/wp\/v2\/pages\/3168\"><input type=\"hidden\" name=\"url_referer\" value=\"\"><button type=\"submit\" name=\"wpforms[submit]\" id=\"wpforms-submit-2455\" class=\"wpforms-submit\" data-alt-text=\"Envoi...\" data-submit-text=\"Envoyer\" aria-live=\"assertive\" value=\"wpforms-submit\">Envoyer<\/button><img decoding=\"async\" src=\"https:\/\/tecnifutbol.academy\/wp-content\/plugins\/wpforms\/assets\/images\/submit-spin.svg\" class=\"wpforms-submit-spinner\" style=\"display: none;\" width=\"26\" height=\"26\" alt=\"Chargement en cours\"><\/div><\/form><\/div>  <!-- .wpforms-container -->\t\t\t\t<\/div>\n\t\t\t\t<\/div>\n\t\t\t\t<\/div>\n\t\t\t\t\t<\/div>\n\t\t\t\t<\/div>\n\t\t<div class=\"elementor-element elementor-element-3e0950cf e-flex e-con-boxed e-con e-parent\" data-id=\"3e0950cf\" data-element_type=\"container\" data-e-type=\"container\" data-settings=\"{&quot;_ha_eqh_enable&quot;:false,&quot;jet_parallax_layout_list&quot;:[]}\">\n\t\t\t\t\t<div class=\"e-con-inner\">\n\t\t\t\t\t<\/div>\n\t\t\t\t<\/div>\n\t\t\t\t<\/div>\n\t\t","protected":false},"excerpt":{"rendered":"<p>Nouvelles Nous contacter<\/p>\n","protected":false},"author":1,"featured_media":0,"parent":0,"menu_order":0,"comment_status":"closed","ping_status":"closed","template":"","meta":{"inline_featured_image":false,"footnotes":""},"class_list":["post-3168","page","type-page","status-publish","hentry"],"_links":{"self":[{"href":"https:\/\/tecnifutbol.academy\/fr\/wp-json\/wp\/v2\/pages\/3168","targetHints":{"allow":["GET"]}}],"collection":[{"href":"https:\/\/tecnifutbol.academy\/fr\/wp-json\/wp\/v2\/pages"}],"about":[{"href":"https:\/\/tecnifutbol.academy\/fr\/wp-json\/wp\/v2\/types\/page"}],"author":[{"embeddable":true,"href":"https:\/\/tecnifutbol.academy\/fr\/wp-json\/wp\/v2\/users\/1"}],"replies":[{"embeddable":true,"href":"https:\/\/tecnifutbol.academy\/fr\/wp-json\/wp\/v2\/comments?post=3168"}],"version-history":[{"count":1,"href":"https:\/\/tecnifutbol.academy\/fr\/wp-json\/wp\/v2\/pages\/3168\/revisions"}],"predecessor-version":[{"id":3181,"href":"https:\/\/tecnifutbol.academy\/fr\/wp-json\/wp\/v2\/pages\/3168\/revisions\/3181"}],"wp:attachment":[{"href":"https:\/\/tecnifutbol.academy\/fr\/wp-json\/wp\/v2\/media?parent=3168"}],"curies":[{"name":"wp","href":"https:\/\/api.w.org\/{rel}","templated":true}]}}