{"id":3175,"date":"2022-08-22T21:27:09","date_gmt":"2022-08-22T21:27:09","guid":{"rendered":"https:\/\/tecnifutbol.academy\/contact\/"},"modified":"2023-07-05T09:30:26","modified_gmt":"2023-07-05T09:30:26","slug":"contact","status":"publish","type":"page","link":"https:\/\/tecnifutbol.academy\/fr\/contact\/","title":{"rendered":"Contact"},"content":{"rendered":"\t\t<div data-elementor-type=\"wp-page\" data-elementor-id=\"3175\" class=\"elementor elementor-3175 elementor-1291\" data-elementor-settings=\"{&quot;ha_cmc_init_switcher&quot;:&quot;no&quot;}\" data-elementor-post-type=\"page\">\n\t\t\t\t<div class=\"elementor-element elementor-element-075c333 e-con-full e-flex e-con e-parent\" data-id=\"075c333\" data-element_type=\"container\" data-e-type=\"container\" data-settings=\"{&quot;jet_parallax_layout_list&quot;:[],&quot;_ha_eqh_enable&quot;:false}\">\n\t\t\t\t<div class=\"elementor-element elementor-element-eb46a6c elementor-widget elementor-widget-template\" data-id=\"eb46a6c\" data-element_type=\"widget\" data-e-type=\"widget\" data-widget_type=\"template.default\">\n\t\t\t\t<div class=\"elementor-widget-container\">\n\t\t\t\t\t\t\t<div class=\"elementor-template\">\n\t\t\t\t\t<div data-elementor-type=\"section\" data-elementor-id=\"589\" class=\"elementor elementor-589\" data-elementor-settings=\"{&quot;ha_cmc_init_switcher&quot;:&quot;no&quot;}\" data-elementor-post-type=\"elementor_library\">\n\t\t\t<div class=\"elementor-element elementor-element-ba49689 e-con-full e-flex e-con e-parent\" data-id=\"ba49689\" data-element_type=\"container\" data-e-type=\"container\" data-settings=\"{&quot;_ha_eqh_enable&quot;:false,&quot;jet_parallax_layout_list&quot;:[]}\">\n\t\t<div class=\"elementor-element elementor-element-0ac2caf e-flex e-con-boxed e-con e-child\" data-id=\"0ac2caf\" data-element_type=\"container\" data-e-type=\"container\" data-settings=\"{&quot;background_background&quot;:&quot;classic&quot;,&quot;jet_parallax_layout_list&quot;:[],&quot;_ha_eqh_enable&quot;:false}\">\n\t\t\t\t\t<div class=\"e-con-inner\">\n\t\t<div class=\"elementor-element elementor-element-b279ace e-con-full e-flex e-con e-child\" data-id=\"b279ace\" data-element_type=\"container\" data-e-type=\"container\" data-settings=\"{&quot;_ha_eqh_enable&quot;:false,&quot;jet_parallax_layout_list&quot;:[]}\">\n\t\t\t\t<div class=\"elementor-element elementor-element-6ae5cba elementor-widget elementor-widget-heading\" data-id=\"6ae5cba\" data-element_type=\"widget\" data-e-type=\"widget\" data-widget_type=\"heading.default\">\n\t\t\t\t<div class=\"elementor-widget-container\">\n\t\t\t\t\t<h2 class=\"elementor-heading-title elementor-size-default\">Contact<\/h2>\t\t\t\t<\/div>\n\t\t\t\t<\/div>\n\t\t\t\t<\/div>\n\t\t\t\t\t<\/div>\n\t\t\t\t<\/div>\n\t\t\t\t<\/div>\n\t\t\t\t<\/div>\n\t\t\t\t<\/div>\n\t\t\t\t\t\t<\/div>\n\t\t\t\t<\/div>\n\t\t\t\t<\/div>\n\t\t<div class=\"elementor-element elementor-element-7efdb7d e-flex e-con-boxed e-con e-parent\" data-id=\"7efdb7d\" data-element_type=\"container\" data-e-type=\"container\" data-settings=\"{&quot;jet_parallax_layout_list&quot;:[],&quot;_ha_eqh_enable&quot;:false}\">\n\t\t\t\t\t<div class=\"e-con-inner\">\n\t\t<div class=\"elementor-element elementor-element-ac88fdb e-flex e-con-boxed e-con e-parent\" data-id=\"ac88fdb\" data-element_type=\"container\" data-e-type=\"container\" data-settings=\"{&quot;jet_parallax_layout_list&quot;:[],&quot;_ha_eqh_enable&quot;:false}\">\n\t\t\t\t\t<div class=\"e-con-inner\">\n\t\t\t\t<div class=\"elementor-element elementor-element-10db6db elementor-widget elementor-widget-google_maps\" data-id=\"10db6db\" data-element_type=\"widget\" data-e-type=\"widget\" data-widget_type=\"google_maps.default\">\n\t\t\t\t<div class=\"elementor-widget-container\">\n\t\t\t\t\t\t\t<div class=\"elementor-custom-embed\">\n\t\t\t<iframe loading=\"lazy\"\n\t\t\t\t\tsrc=\"https:\/\/maps.google.com\/maps?q=Vial%20Salou%20Cambrils%2C%2043840%20Salou%2C%20Tarragona&#038;t=m&#038;z=15&#038;output=embed&#038;iwloc=near\"\n\t\t\t\t\ttitle=\"Vial Salou Cambrils, 43840 Salou, Tarragona\"\n\t\t\t\t\taria-label=\"Vial Salou Cambrils, 43840 Salou, Tarragona\"\n\t\t\t><\/iframe>\n\t\t<\/div>\n\t\t\t\t\t\t<\/div>\n\t\t\t\t<\/div>\n\t\t\t\t\t<\/div>\n\t\t\t\t<\/div>\n\t\t<div class=\"elementor-element elementor-element-7fed787 e-flex e-con-boxed e-con e-parent\" data-id=\"7fed787\" data-element_type=\"container\" data-e-type=\"container\" data-settings=\"{&quot;jet_parallax_layout_list&quot;:[],&quot;_ha_eqh_enable&quot;:false}\">\n\t\t\t\t\t<div class=\"e-con-inner\">\n\t\t<div class=\"elementor-element elementor-element-d8a0315 e-flex e-con-boxed e-con e-parent\" data-id=\"d8a0315\" data-element_type=\"container\" data-e-type=\"container\" data-settings=\"{&quot;jet_parallax_layout_list&quot;:[],&quot;_ha_eqh_enable&quot;:false}\">\n\t\t\t\t\t<div class=\"e-con-inner\">\n\t\t\t\t<div class=\"elementor-element elementor-element-8ff601b ha-accordion--icon-left elementor-widget elementor-widget-ha-accordion happy-addon ha-accordion happy-addon-pro\" data-id=\"8ff601b\" data-element_type=\"widget\" data-e-type=\"widget\" data-widget_type=\"ha-accordion.default\">\n\t\t\t\t<div class=\"elementor-widget-container\">\n\t\t\t\t\t        <div class=\"ha-accordion__wrapper\" role=\"tablist\">\n                            <div class=\"ha-accordion__item\">\n                    <div id=\"ha-accordion__item-title-1501\" class=\"ha-accordion__item-title\" data-tab=\"1\" role=\"tab\" aria-controls=\"ha-accordion__item-content-1501\">\n                                                    <span class=\"ha-accordion__item-icon ha-accordion__icon\" aria-hidden=\"true\">\n                                                                    <span class=\"ha-accordion__icon--closed\"><i class=\"fas fa-plus\"><\/i><\/span>\n                                                                                                    <span class=\"ha-accordion__icon--opened\"><i class=\"fas fa-minus\"><\/i><\/span>\n                                                            <\/span>\n                                                <div class=\"ha-accordion__item-title-inner\">\n                                                        <span class=\"ha-accordion__item-title-text\">Complexe esportiu<\/span>\n                        <\/div>\n                    <\/div>\n                    <div id=\"ha-accordion__item-content-1501\" class=\"ha-accordion__item-content\" data-tab=\"1\" role=\"tabpanel\" aria-labelledby=\"ha-accordion__item-title-1501\">\n                        <p>Futbol Salou,<br \/>Vial Salou Cambrils,<br \/>43840 Salou,<br \/>Tarragone, Espagne<br \/><a href=\"tel:+34699986765\">+34 699 98 67 65<\/a><br \/><a href=\"mailto:info@tecnifutbol.academy\">info@tecnifutbol.academy<\/a><\/p>                    <\/div>\n                <\/div>\n                            <div class=\"ha-accordion__item\">\n                    <div id=\"ha-accordion__item-title-1502\" class=\"ha-accordion__item-title\" data-tab=\"2\" role=\"tab\" aria-controls=\"ha-accordion__item-content-1502\">\n                                                    <span class=\"ha-accordion__item-icon ha-accordion__icon\" aria-hidden=\"true\">\n                                                                    <span class=\"ha-accordion__icon--closed\"><i class=\"fas fa-plus\"><\/i><\/span>\n                                                                                                    <span class=\"ha-accordion__icon--opened\"><i class=\"fas fa-minus\"><\/i><\/span>\n                                                            <\/span>\n                                                <div class=\"ha-accordion__item-title-inner\">\n                                                        <span class=\"ha-accordion__item-title-text\">Cambrils Park Resort<\/span>\n                        <\/div>\n                    <\/div>\n                    <div id=\"ha-accordion__item-content-1502\" class=\"ha-accordion__item-content\" data-tab=\"2\" role=\"tabpanel\" aria-labelledby=\"ha-accordion__item-title-1502\">\n                        <p>Cami del Mas Clariana S\/N,<br \/>43850 Cambrils,<br \/>Tarragone<\/p>\n                    <\/div>\n                <\/div>\n                    <\/div>\n        \t\t\t\t<\/div>\n\t\t\t\t<\/div>\n\t\t\t\t\t<\/div>\n\t\t\t\t<\/div>\n\t\t\t\t\t<\/div>\n\t\t\t\t<\/div>\n\t\t\t\t\t<\/div>\n\t\t\t\t<\/div>\n\t\t<div class=\"elementor-element elementor-element-65dd550 e-flex e-con-boxed e-con e-parent\" data-id=\"65dd550\" data-element_type=\"container\" data-e-type=\"container\" data-settings=\"{&quot;jet_parallax_layout_list&quot;:[],&quot;_ha_eqh_enable&quot;:false}\">\n\t\t\t\t\t<div class=\"e-con-inner\">\n\t\t<div class=\"elementor-element elementor-element-7f87ce3 e-flex e-con-boxed e-con e-parent\" data-id=\"7f87ce3\" data-element_type=\"container\" data-e-type=\"container\" data-settings=\"{&quot;jet_parallax_layout_list&quot;:[],&quot;_ha_eqh_enable&quot;:false}\">\n\t\t\t\t\t<div class=\"e-con-inner\">\n\t\t<div class=\"elementor-element elementor-element-7636811 e-flex e-con-boxed e-con e-parent\" data-id=\"7636811\" data-element_type=\"container\" data-e-type=\"container\" data-settings=\"{&quot;background_background&quot;:&quot;classic&quot;,&quot;jet_parallax_layout_list&quot;:[],&quot;_ha_eqh_enable&quot;:false}\">\n\t\t\t\t\t<div class=\"e-con-inner\">\n\t\t\t\t<div class=\"elementor-element elementor-element-31da2f4 elementor-widget elementor-widget-image\" data-id=\"31da2f4\" data-element_type=\"widget\" data-e-type=\"widget\" data-widget_type=\"image.default\">\n\t\t\t\t<div class=\"elementor-widget-container\">\n\t\t\t\t\t\t\t\t\t\t\t\t\t\t\t<img fetchpriority=\"high\" decoding=\"async\" width=\"800\" height=\"800\" src=\"https:\/\/tecnifutbol.academy\/wp-content\/uploads\/2022\/08\/logo-tecnifutbol-blanc.svg\" class=\"attachment-large size-large wp-image-3056\" alt=\"\" \/>\t\t\t\t\t\t\t\t\t\t\t\t\t\t\t<\/div>\n\t\t\t\t<\/div>\n\t\t\t\t\t<\/div>\n\t\t\t\t<\/div>\n\t\t<div class=\"elementor-element elementor-element-7da578e e-flex e-con-boxed e-con e-parent\" data-id=\"7da578e\" data-element_type=\"container\" data-e-type=\"container\" data-settings=\"{&quot;jet_parallax_layout_list&quot;:[],&quot;_ha_eqh_enable&quot;:false}\">\n\t\t\t\t\t<div class=\"e-con-inner\">\n\t\t\t\t<div class=\"elementor-element elementor-element-2143eb6 elementor-widget elementor-widget-heading\" data-id=\"2143eb6\" data-element_type=\"widget\" data-e-type=\"widget\" data-widget_type=\"heading.default\">\n\t\t\t\t<div class=\"elementor-widget-container\">\n\t\t\t\t\t<h2 class=\"elementor-heading-title elementor-size-default\">Nous contacter<\/h2>\t\t\t\t<\/div>\n\t\t\t\t<\/div>\n\t\t\t\t<div class=\"elementor-element elementor-element-5ea9037 elementor-widget elementor-widget-wpforms\" data-id=\"5ea9037\" data-element_type=\"widget\" data-e-type=\"widget\" data-widget_type=\"wpforms.default\">\n\t\t\t\t<div class=\"elementor-widget-container\">\n\t\t\t\t\t<div class=\"wpforms-container wpforms-container-full\" id=\"wpforms-1374\"><form id=\"wpforms-form-1374\" class=\"wpforms-validate wpforms-form wpforms-ajax-form\" data-formid=\"1374\" method=\"post\" enctype=\"multipart\/form-data\" action=\"\/fr\/wp-json\/wp\/v2\/pages\/3175\" data-token=\"66e8e74d3b1d86d1b7a28ecf89564091\" data-token-time=\"1776580951\"><noscript class=\"wpforms-error-noscript\">Veuillez activer JavaScript dans votre navigateur pour remplir ce formulaire.<\/noscript><div class=\"wpforms-field-container\"><div id=\"wpforms-1374-field_1-container\" class=\"wpforms-field wpforms-field-text wpforms-one-third wpforms-first\" data-field-id=\"1\"><label class=\"wpforms-field-label wpforms-label-hide\" for=\"wpforms-1374-field_1\">Nom <span class=\"wpforms-required-label\">*<\/span><\/label><input type=\"text\" id=\"wpforms-1374-field_1\" class=\"wpforms-field-large wpforms-field-required\" name=\"wpforms[fields][1]\" placeholder=\"Nom\" required><\/div><div id=\"wpforms-1374-field_4-container\" class=\"wpforms-field wpforms-field-email wpforms-one-third\" data-field-id=\"4\"><label class=\"wpforms-field-label wpforms-label-hide\" for=\"wpforms-1374-field_4\">Courriel : <span class=\"wpforms-required-label\">*<\/span><\/label><input type=\"email\" id=\"wpforms-1374-field_4\" class=\"wpforms-field-large wpforms-field-required\" name=\"wpforms[fields][4]\" placeholder=\"Courriel :\" spellcheck=\"false\" required><\/div><div id=\"wpforms-1374-field_5-container\" class=\"wpforms-field wpforms-field-phone wpforms-one-third\" data-field-id=\"5\"><label class=\"wpforms-field-label wpforms-label-hide\" for=\"wpforms-1374-field_5\">T\u00e9l\u00e9phone <span class=\"wpforms-required-label\">*<\/span><\/label><input type=\"tel\" id=\"wpforms-1374-field_5\" class=\"wpforms-field-large wpforms-field-required wpforms-smart-phone-field\" data-rule-smart-phone-field=\"true\" name=\"wpforms[fields][5]\" placeholder=\"T\u00e9l\u00e9phone\" aria-label=\"T\u00e9l\u00e9phone\" required><\/div><div id=\"wpforms-1374-field_2-container\" class=\"wpforms-field wpforms-field-text wpforms-one-half wpforms-first\" data-field-id=\"2\"><label class=\"wpforms-field-label wpforms-label-hide\" for=\"wpforms-1374-field_2\">Club<\/label><input type=\"text\" id=\"wpforms-1374-field_2\" class=\"wpforms-field-large\" name=\"wpforms[fields][2]\" placeholder=\"Club\" ><\/div><div id=\"wpforms-1374-field_3-container\" class=\"wpforms-field wpforms-field-text wpforms-one-half\" data-field-id=\"3\"><label class=\"wpforms-field-label wpforms-label-hide\" for=\"wpforms-1374-field_3\">Pays<\/label><input type=\"text\" id=\"wpforms-1374-field_3\" class=\"wpforms-field-large\" name=\"wpforms[fields][3]\" placeholder=\"Pays\" ><\/div><div id=\"wpforms-1374-field_6-container\" class=\"wpforms-field wpforms-field-textarea\" data-field-id=\"6\"><label class=\"wpforms-field-label\" for=\"wpforms-1374-field_6\">Message <span class=\"wpforms-required-label\">*<\/span><\/label><textarea id=\"wpforms-1374-field_6\" class=\"wpforms-field-large wpforms-field-required\" name=\"wpforms[fields][6]\" required><\/textarea><\/div><div id=\"wpforms-1374-field_8-container\" class=\"wpforms-field wpforms-field-hidden\" data-field-id=\"8\"><input type=\"hidden\" id=\"wpforms-1374-field_8\" name=\"wpforms[fields][8]\" value=\"en\"><\/div><div id=\"wpforms-1374-field_7-container\" class=\"wpforms-field wpforms-field-checkbox\" data-field-id=\"7\"><label class=\"wpforms-field-label wpforms-label-hide\">RGPD <span class=\"wpforms-required-label\">*<\/span><\/label><ul id=\"wpforms-1374-field_7\" class=\"wpforms-field-required\"><li class=\"choice-1 depth-1\"><input type=\"checkbox\" id=\"wpforms-1374-field_7_1\" name=\"wpforms[fields][7][]\" value=\"J&#039;ai lu, compris et accept\u00e9 la &lt;a href=&quot;https:\/\/tecnifutbol.academy\/privacy-policy\/&quot;&gt;politique de confidentialit\u00e9&lt;\/a&gt;\" required ><label class=\"wpforms-field-label-inline\" for=\"wpforms-1374-field_7_1\">J'ai lu, compris et accept\u00e9 la <a href=\"https:\/\/tecnifutbol.academy\/privacy-policy\/\">politique de confidentialit\u00e9<\/a> <span class=\"wpforms-required-label\">*<\/span><\/label><\/li><\/ul><div class=\"wpforms-field-description wpforms-disclaimer-description\">Conform\u00e9ment \u00e0 la l\u00e9gislation actuelle sur la confidentialit\u00e9 des donn\u00e9es, nous vous informons comme suit concernant le traitement de vos donn\u00e9es personnelles : Contr\u00f4leur de donn\u00e9es : TECNIFUTBOL 2010, SL., (B43604412). Finalit\u00e9 : vos donn\u00e9es sont n\u00e9cessaires pour r\u00e9pondre \u00e0 vos questions et pour vous fournir des informations pr\u00e9contractuelles. Base juridique : Votre consentement expr\u00e8s et l'ex\u00e9cution des services pr\u00e9contractuels. Destinataires : Les donn\u00e9es personnelles ne sont communiqu\u00e9es \u00e0 aucune autre personne ou entit\u00e9, sauf \u00e0 nos fournisseurs, si la loi ou les autorit\u00e9s judiciaires l'exigent. Vos donn\u00e9es personnelles ne feront l'objet d'aucun traitement transfrontalier de donn\u00e9es. Conservation : Nous conserverons vos donn\u00e9es personnelles aussi longtemps qu'elles seront n\u00e9cessaires pour \u00eatre en contact avec vous. Exercice des droits : Vous pouvez retirer votre consentement, ainsi qu'exercer les droits d'acc\u00e8s, de rectification, d'effacement, de limitation, d'opposition au traitement et de portabilit\u00e9 en envoyant un courriel \u00e0 info@tecnifutbol.academy, ou une lettre \u00e0 l'adresse postale Calle Pierre Vilar n\u00ba 17, 4\u00ba 3\u00aa, 43840 Salou (Tarragone). Vous pouvez \u00e9galement d\u00e9poser une plainte aupr\u00e8s de l'Agence espagnole de protection des donn\u00e9es \u00e0 l'adresse suivante : www.aepd.es.<\/div><\/div><\/div><!-- .wpforms-field-container --><div class=\"wpforms-recaptcha-container wpforms-is-recaptcha wpforms-is-recaptcha-type-v3\" ><input type=\"hidden\" name=\"wpforms[recaptcha]\" value=\"\"><\/div><div class=\"wpforms-submit-container\" ><input type=\"hidden\" name=\"wpforms[id]\" value=\"1374\"><input type=\"hidden\" name=\"page_title\" value=\"\"><input type=\"hidden\" name=\"page_url\" value=\"https:\/\/tecnifutbol.academy\/fr\/wp-json\/wp\/v2\/pages\/3175\"><input type=\"hidden\" name=\"url_referer\" value=\"\"><button type=\"submit\" name=\"wpforms[submit]\" id=\"wpforms-submit-1374\" class=\"wpforms-submit\" data-alt-text=\"Envoi...\" data-submit-text=\"Envoyer\" aria-live=\"assertive\" value=\"wpforms-submit\">Envoyer<\/button><img decoding=\"async\" src=\"https:\/\/tecnifutbol.academy\/wp-content\/plugins\/wpforms\/assets\/images\/submit-spin.svg\" class=\"wpforms-submit-spinner\" style=\"display: none;\" width=\"26\" height=\"26\" alt=\"Chargement en cours\"><\/div><\/form><\/div>  <!-- .wpforms-container -->\t\t\t\t<\/div>\n\t\t\t\t<\/div>\n\t\t\t\t\t<\/div>\n\t\t\t\t<\/div>\n\t\t\t\t\t<\/div>\n\t\t\t\t<\/div>\n\t\t\t\t\t<\/div>\n\t\t\t\t<\/div>\n\t\t\t\t<\/div>\n\t\t","protected":false},"excerpt":{"rendered":"<p>Complexe esportiu Futbol Salou,Vial Salou Cambrils,43840 Salou,Tarragone, Espagne+34 699 98 67 65info@tecnifutbol.academy Cambrils Park Resort Cami del Mas Clariana S\/N,43850 Cambrils,Tarragone Nous contacter<\/p>\n","protected":false},"author":1,"featured_media":0,"parent":0,"menu_order":0,"comment_status":"closed","ping_status":"closed","template":"","meta":{"inline_featured_image":false,"footnotes":""},"class_list":["post-3175","page","type-page","status-publish","hentry"],"_links":{"self":[{"href":"https:\/\/tecnifutbol.academy\/fr\/wp-json\/wp\/v2\/pages\/3175","targetHints":{"allow":["GET"]}}],"collection":[{"href":"https:\/\/tecnifutbol.academy\/fr\/wp-json\/wp\/v2\/pages"}],"about":[{"href":"https:\/\/tecnifutbol.academy\/fr\/wp-json\/wp\/v2\/types\/page"}],"author":[{"embeddable":true,"href":"https:\/\/tecnifutbol.academy\/fr\/wp-json\/wp\/v2\/users\/1"}],"replies":[{"embeddable":true,"href":"https:\/\/tecnifutbol.academy\/fr\/wp-json\/wp\/v2\/comments?post=3175"}],"version-history":[{"count":7,"href":"https:\/\/tecnifutbol.academy\/fr\/wp-json\/wp\/v2\/pages\/3175\/revisions"}],"predecessor-version":[{"id":4094,"href":"https:\/\/tecnifutbol.academy\/fr\/wp-json\/wp\/v2\/pages\/3175\/revisions\/4094"}],"wp:attachment":[{"href":"https:\/\/tecnifutbol.academy\/fr\/wp-json\/wp\/v2\/media?parent=3175"}],"curies":[{"name":"wp","href":"https:\/\/api.w.org\/{rel}","templated":true}]}}